{"id":11522,"date":"2026-03-09T16:47:53","date_gmt":"2026-03-09T15:47:53","guid":{"rendered":"https:\/\/www.polyex.eu\/?page_id=11522"},"modified":"2026-03-12T17:04:18","modified_gmt":"2026-03-12T16:04:18","slug":"nous-rejoindre","status":"publish","type":"page","link":"https:\/\/www.polyex.eu\/en\/nous-rejoindre\/","title":{"rendered":"Nous rejoindre"},"content":{"rendered":"<h1 class=\"wp-block-heading has-text-color has-link-color wp-elements-e2c5796e2c312cd0b8561beed07fe9ae\" style=\"color:#2a7ce0\"><strong>Rejoignez l\u2019aventure Polyex !<\/strong><\/h1>\n\n\n\n<div class=\"wp-block-columns is-layout-flex wp-container-core-columns-is-layout-8f761849 wp-block-columns-is-layout-flex\">\n<div class=\"wp-block-column is-layout-flow wp-block-column-is-layout-flow\" style=\"flex-basis:25%\">\n<p class=\"wp-block-paragraph\">Depuis 1991, <a href=\"https:\/\/www.polyex.eu\/en\/\">POLYEX<\/a> grandit gr\u00e2ce aux femmes et aux hommes qui la composent. Nous croyons aux relations simples, \u00e0 la confiance et \u00e0 l\u2019implication de chacun pour avancer ensemble. Nous recherchons avant tout des personnalit\u00e9s motiv\u00e9es, curieuses et engag\u00e9es, quel que soit leur parcours. <\/p>\n\n\n\n<figure class=\"wp-block-image size-large\"><img data-recalc-dims=\"1\" loading=\"lazy\" decoding=\"async\" width=\"1024\" height=\"759\" src=\"https:\/\/i0.wp.com\/www.polyex.eu\/wp-content\/uploads\/2022\/02\/Polyex-Plastique-Extrusion-polyethylene-France26.jpg?resize=1024%2C759&#038;ssl=1\" alt=\"\" class=\"wp-image-10424\" srcset=\"https:\/\/i0.wp.com\/www.polyex.eu\/wp-content\/uploads\/2022\/02\/Polyex-Plastique-Extrusion-polyethylene-France26-scaled.jpg?resize=1024%2C759&amp;ssl=1 1024w, https:\/\/i0.wp.com\/www.polyex.eu\/wp-content\/uploads\/2022\/02\/Polyex-Plastique-Extrusion-polyethylene-France26-scaled.jpg?resize=300%2C222&amp;ssl=1 300w, https:\/\/i0.wp.com\/www.polyex.eu\/wp-content\/uploads\/2022\/02\/Polyex-Plastique-Extrusion-polyethylene-France26-scaled.jpg?resize=768%2C569&amp;ssl=1 768w, https:\/\/i0.wp.com\/www.polyex.eu\/wp-content\/uploads\/2022\/02\/Polyex-Plastique-Extrusion-polyethylene-France26-scaled.jpg?resize=1536%2C1138&amp;ssl=1 1536w, https:\/\/i0.wp.com\/www.polyex.eu\/wp-content\/uploads\/2022\/02\/Polyex-Plastique-Extrusion-polyethylene-France26-scaled.jpg?resize=2048%2C1517&amp;ssl=1 2048w, https:\/\/i0.wp.com\/www.polyex.eu\/wp-content\/uploads\/2022\/02\/Polyex-Plastique-Extrusion-polyethylene-France26-scaled.jpg?resize=870%2C644&amp;ssl=1 870w, https:\/\/i0.wp.com\/www.polyex.eu\/wp-content\/uploads\/2022\/02\/Polyex-Plastique-Extrusion-polyethylene-France26-scaled.jpg?resize=640%2C474&amp;ssl=1 640w, https:\/\/i0.wp.com\/www.polyex.eu\/wp-content\/uploads\/2022\/02\/Polyex-Plastique-Extrusion-polyethylene-France26-scaled.jpg?resize=480%2C356&amp;ssl=1 480w, https:\/\/i0.wp.com\/www.polyex.eu\/wp-content\/uploads\/2022\/02\/Polyex-Plastique-Extrusion-polyethylene-France26-scaled.jpg?w=2340&amp;ssl=1 2340w\" sizes=\"auto, (max-width: 1024px) 100vw, 1024px\" \/><\/figure>\n<\/div>\n\n\n\n<div class=\"wp-block-column is-layout-flow wp-block-column-is-layout-flow\" style=\"flex-basis:66.66%\">\n<p class=\"has-medium-font-size wp-block-paragraph\"><strong>Consultez nos offres en cours ou envoyez-nous votre candidature spontan\u00e9e<\/strong>, nous serons ravis de d\u00e9couvrir votre profil et de vous r\u00e9pondre rapidement :<\/p>\n\n\n\n<div class=\"wp-block-query is-layout-flow wp-block-query-is-layout-flow\"><ul class=\"columns-1 wp-block-post-template is-layout-grid wp-container-core-post-template-is-layout-6eceb317 wp-block-post-template-is-layout-grid\"><li class=\"wp-block-post post-11538 offre-demploi type-offre-demploi status-publish hentry\">\n\n<div class=\"wp-block-group has-background\" style=\"background-color:#2b7ce00f;padding-top:30px;padding-right:30px;padding-bottom:30px;padding-left:30px\"><div class=\"wp-block-group__inner-container is-layout-flow wp-block-group-is-layout-flow\"><h2 style=\"color:#2a7ce0; font-size:24px;font-style:normal;font-weight:700;\" class=\"has-link-color wp-elements-19741070d4781b32bc35144580db90a5 wp-block-post-title has-text-color\"><a href=\"https:\/\/www.polyex.eu\/en\/offre-demploi\/nous-recherchons-un-agent-de-production-extrusion-coupe\/\" target=\"_self\" >Nous recherchons un\u00a0Agent de production extrusion-coupe (H\/F).<\/a><\/h2>\n\n<div style=\"color:#9e9e9e;\" class=\"has-link-color wp-elements-f3cde9bcc340453c9f4472ad677f0c8d wp-block-post-date has-text-color has-small-font-size\"><time datetime=\"2026-03-09T17:02:21+01:00\">9 March 2026<\/time><\/div>\n\n<div style=\"font-size:16px;\" class=\"has-link-color wp-elements-83819bf612fc2b1f60012ed0ba289870 wp-block-post-excerpt has-text-color has-black-color\"><p class=\"wp-block-post-excerpt__excerpt\">Dans le cadre du renforcement de notre \u00e9quipe de production, nous recherchons un&nbsp;Agent de production extrusion-coupe (H\/F). Vos missions : Dans un premier temps, vous participez \u00e0 la production sur une ligne de fabrication. Progressivement, une formation interne continue vous sera dispens\u00e9e afin d\u2019assurer&hellip; <\/p><\/div>\n\n\n<div style=\"height:15px\" aria-hidden=\"true\" class=\"wp-block-spacer\"><\/div>\n\n\n<a class=\"wp-block-read-more\" href=\"https:\/\/www.polyex.eu\/en\/offre-demploi\/nous-recherchons-un-agent-de-production-extrusion-coupe\/\" target=\"_self\">Read more<span class=\"screen-reader-text\">: Nous recherchons un\u00a0Agent de production extrusion-coupe (H\/F).<\/span><\/a>\n\n\n<div class=\"wp-block-buttons is-content-justification-right is-layout-flex wp-container-core-buttons-is-layout-89b4c9e9 wp-block-buttons-is-layout-flex\">\n<div class=\"wp-block-button\"><a class=\"wp-block-button__link has-black-color has-white-background-color has-text-color has-background has-link-color has-custom-font-size wp-element-button\" href=\"https:\/\/www.polyex.eu\/en\/canditature-formulaire\/\" style=\"font-size:14px\">Postuler\u2192 <\/a><\/div>\n<\/div>\n<\/div><\/div>\n\n<\/li><\/ul><\/div>\n<\/div>\n<\/div>","protected":false},"excerpt":{"rendered":"<p>Rejoignez l\u2019aventure Polyex ! Depuis 1991, POLYEX grandit gr\u00e2ce aux femmes et aux hommes qui la composent. Nous croyons aux relations simples, \u00e0 la confiance et \u00e0 l\u2019implication de chacun pour avancer ensemble. Nous recherchons avant tout des personnalit\u00e9s motiv\u00e9es, curieuses et engag\u00e9es, quel que soit leur parcours. Consultez nos<\/p>","protected":false},"author":1,"featured_media":0,"parent":0,"menu_order":0,"comment_status":"closed","ping_status":"closed","template":"","meta":{"_acf_changed":false,"_crdt_document":"","footnotes":""},"class_list":["post-11522","page","type-page","status-publish","hentry"],"acf":[],"jetpack_sharing_enabled":true,"_links":{"self":[{"href":"https:\/\/www.polyex.eu\/en\/wp-json\/wp\/v2\/pages\/11522","targetHints":{"allow":["GET"]}}],"collection":[{"href":"https:\/\/www.polyex.eu\/en\/wp-json\/wp\/v2\/pages"}],"about":[{"href":"https:\/\/www.polyex.eu\/en\/wp-json\/wp\/v2\/types\/page"}],"author":[{"embeddable":true,"href":"https:\/\/www.polyex.eu\/en\/wp-json\/wp\/v2\/users\/1"}],"replies":[{"embeddable":true,"href":"https:\/\/www.polyex.eu\/en\/wp-json\/wp\/v2\/comments?post=11522"}],"version-history":[{"count":26,"href":"https:\/\/www.polyex.eu\/en\/wp-json\/wp\/v2\/pages\/11522\/revisions"}],"predecessor-version":[{"id":11611,"href":"https:\/\/www.polyex.eu\/en\/wp-json\/wp\/v2\/pages\/11522\/revisions\/11611"}],"wp:attachment":[{"href":"https:\/\/www.polyex.eu\/en\/wp-json\/wp\/v2\/media?parent=11522"}],"curies":[{"name":"wp","href":"https:\/\/api.w.org\/{rel}","templated":true}]}}