{"id":9371,"date":"2022-02-01T15:21:01","date_gmt":"2022-02-01T14:21:01","guid":{"rendered":"https:\/\/www.polyex.eu\/?page_id=9371"},"modified":"2022-06-09T16:59:03","modified_gmt":"2022-06-09T14:59:03","slug":"notre-metier-lextrusion","status":"publish","type":"page","link":"https:\/\/www.polyex.eu\/de\/notre-metier-lextrusion\/","title":{"rendered":"Unser Gesch\u00e4ft: Extrusion"},"content":{"rendered":"<section class=\"vc_section\"><div class=\"vc-custom-col-spacing clearfix vc-col-spacing-30\"><section class=\"wpb_row vc_row-fluid row-content-position-Default\"><div class=\"bauer-container\"><div class=\"row-inner clearfix\"><div class=\"wpb_column vc_column_container vc_col-sm-12\"><div class=\"vc_column-inner\"><div class=\"wpb_wrapper\">\n\t<div class=\"wpb_text_column wpb_content_element\" >\n\t\t<div class=\"wpb_wrapper\">\n\t\t\t<h1>Unser Gesch\u00e4ft: Extrusion<\/h1>\n\n\t\t<\/div>\n\t<\/div>\n\r\n\t<div class=\"bauer-spacer clearfix\" data-desktop=\"40\" data-mobi=\"20\" data-smobi=\"20\"><\/div>\n\t<div class=\"wpb_text_column wpb_content_element\" >\n\t\t<div class=\"wpb_wrapper\">\n\t\t\t<h5><span style=\"color: #2a7de1;\"><strong>Das Prinzip<\/strong><\/span><\/h5>\n<h6>Die Extrusion ist ein kontinuierlicher mechanischer Prozess, bei dem das Ausgangsmaterial (Polyethylen-Granulat) in eine Blase umgewandelt wird, die nach dem Abk\u00fchlen zu einer H\u00fclle wird. Nach dem Abk\u00fchlen und der Weiterverarbeitung dient diese H\u00fclle als Grundlage f\u00fcr die Herstellung von Folien, H\u00fcllen, Beuteln etc<\/h6>\n\n\t\t<\/div>\n\t<\/div>\n\r\n\t<div class=\"bauer-spacer clearfix\" data-desktop=\"40\" data-mobi=\"20\" data-smobi=\"20\"><\/div><div class=\"bauer-content-box clearfix\" ><div class=\"vc-custom-col-inner-spacing clearfix vc-col-inner-spacing-30\"><div class=\"wpb_row vc_inner vc_row-fluid\"><div class=\"wpb_column vc_column_container vc_col-sm-6\"><div class=\"vc_column-inner\"><div class=\"wpb_wrapper\">\n\t<div  class=\"wpb_single_image wpb_content_element vc_align_left\">\n\t\t\n\t\t<figure class=\"wpb_wrapper vc_figure\">\n\t\t\t<div class=\"vc_single_image-wrapper   vc_box_border_grey\"><img loading=\"lazy\" decoding=\"async\" width=\"2560\" height=\"1896\" src=\"https:\/\/i0.wp.com\/www.polyex.eu\/wp-content\/uploads\/2022\/02\/Polyex-Plastique-Extrusion-polyethylene-France17-scaled.jpg?fit=2560%2C1896&amp;ssl=1\" class=\"vc_single_image-img attachment-full\" alt=\"\" srcset=\"https:\/\/i0.wp.com\/www.polyex.eu\/wp-content\/uploads\/2022\/02\/Polyex-Plastique-Extrusion-polyethylene-France17-scaled.jpg?w=2560&amp;ssl=1 2560w, https:\/\/i0.wp.com\/www.polyex.eu\/wp-content\/uploads\/2022\/02\/Polyex-Plastique-Extrusion-polyethylene-France17-scaled.jpg?resize=300%2C222&amp;ssl=1 300w, https:\/\/i0.wp.com\/www.polyex.eu\/wp-content\/uploads\/2022\/02\/Polyex-Plastique-Extrusion-polyethylene-France17-scaled.jpg?resize=1024%2C759&amp;ssl=1 1024w, https:\/\/i0.wp.com\/www.polyex.eu\/wp-content\/uploads\/2022\/02\/Polyex-Plastique-Extrusion-polyethylene-France17-scaled.jpg?resize=768%2C569&amp;ssl=1 768w, https:\/\/i0.wp.com\/www.polyex.eu\/wp-content\/uploads\/2022\/02\/Polyex-Plastique-Extrusion-polyethylene-France17-scaled.jpg?resize=1536%2C1138&amp;ssl=1 1536w, https:\/\/i0.wp.com\/www.polyex.eu\/wp-content\/uploads\/2022\/02\/Polyex-Plastique-Extrusion-polyethylene-France17-scaled.jpg?resize=2048%2C1517&amp;ssl=1 2048w, https:\/\/i0.wp.com\/www.polyex.eu\/wp-content\/uploads\/2022\/02\/Polyex-Plastique-Extrusion-polyethylene-France17-scaled.jpg?resize=870%2C644&amp;ssl=1 870w, https:\/\/i0.wp.com\/www.polyex.eu\/wp-content\/uploads\/2022\/02\/Polyex-Plastique-Extrusion-polyethylene-France17-scaled.jpg?resize=640%2C474&amp;ssl=1 640w, https:\/\/i0.wp.com\/www.polyex.eu\/wp-content\/uploads\/2022\/02\/Polyex-Plastique-Extrusion-polyethylene-France17-scaled.jpg?resize=480%2C356&amp;ssl=1 480w, https:\/\/i0.wp.com\/www.polyex.eu\/wp-content\/uploads\/2022\/02\/Polyex-Plastique-Extrusion-polyethylene-France17-scaled.jpg?w=2340&amp;ssl=1 2340w\" sizes=\"auto, (max-width: 1170px) 100vw, 1170px\" \/><\/div>\n\t\t<\/figure>\n\t<\/div>\n\r\n\t<div class=\"bauer-spacer clearfix\" data-desktop=\"40\" data-mobi=\"20\" data-smobi=\"20\"><\/div>\n\t<div  class=\"wpb_single_image wpb_content_element vc_align_left\">\n\t\t\n\t\t<figure class=\"wpb_wrapper vc_figure\">\n\t\t\t<div class=\"vc_single_image-wrapper   vc_box_border_grey\"><img loading=\"lazy\" decoding=\"async\" width=\"2560\" height=\"1896\" src=\"https:\/\/i0.wp.com\/www.polyex.eu\/wp-content\/uploads\/2022\/02\/Polyex-Plastique-Extrusion-polyethylene-France32-scaled.jpg?fit=2560%2C1896&amp;ssl=1\" class=\"vc_single_image-img attachment-full\" alt=\"\" srcset=\"https:\/\/i0.wp.com\/www.polyex.eu\/wp-content\/uploads\/2022\/02\/Polyex-Plastique-Extrusion-polyethylene-France32-scaled.jpg?w=2560&amp;ssl=1 2560w, https:\/\/i0.wp.com\/www.polyex.eu\/wp-content\/uploads\/2022\/02\/Polyex-Plastique-Extrusion-polyethylene-France32-scaled.jpg?resize=300%2C222&amp;ssl=1 300w, https:\/\/i0.wp.com\/www.polyex.eu\/wp-content\/uploads\/2022\/02\/Polyex-Plastique-Extrusion-polyethylene-France32-scaled.jpg?resize=1024%2C759&amp;ssl=1 1024w, https:\/\/i0.wp.com\/www.polyex.eu\/wp-content\/uploads\/2022\/02\/Polyex-Plastique-Extrusion-polyethylene-France32-scaled.jpg?resize=768%2C569&amp;ssl=1 768w, https:\/\/i0.wp.com\/www.polyex.eu\/wp-content\/uploads\/2022\/02\/Polyex-Plastique-Extrusion-polyethylene-France32-scaled.jpg?resize=1536%2C1138&amp;ssl=1 1536w, https:\/\/i0.wp.com\/www.polyex.eu\/wp-content\/uploads\/2022\/02\/Polyex-Plastique-Extrusion-polyethylene-France32-scaled.jpg?resize=2048%2C1517&amp;ssl=1 2048w, https:\/\/i0.wp.com\/www.polyex.eu\/wp-content\/uploads\/2022\/02\/Polyex-Plastique-Extrusion-polyethylene-France32-scaled.jpg?resize=870%2C644&amp;ssl=1 870w, https:\/\/i0.wp.com\/www.polyex.eu\/wp-content\/uploads\/2022\/02\/Polyex-Plastique-Extrusion-polyethylene-France32-scaled.jpg?resize=640%2C474&amp;ssl=1 640w, https:\/\/i0.wp.com\/www.polyex.eu\/wp-content\/uploads\/2022\/02\/Polyex-Plastique-Extrusion-polyethylene-France32-scaled.jpg?resize=480%2C356&amp;ssl=1 480w, https:\/\/i0.wp.com\/www.polyex.eu\/wp-content\/uploads\/2022\/02\/Polyex-Plastique-Extrusion-polyethylene-France32-scaled.jpg?w=2340&amp;ssl=1 2340w\" sizes=\"auto, (max-width: 1170px) 100vw, 1170px\" \/><\/div>\n\t\t<\/figure>\n\t<\/div>\n\r\n\t<div class=\"bauer-spacer clearfix\" data-desktop=\"20\" data-mobi=\"20\" data-smobi=\"20\"><\/div>\n\t<div class=\"wpb_text_column wpb_content_element\" >\n\t\t<div class=\"wpb_wrapper\">\n\t\t\t<p>Fotografien : <a href=\"https:\/\/shebam.design\/\">Collectif Shebam<\/a><\/p>\n\n\t\t<\/div>\n\t<\/div>\n<\/div><\/div><\/div><div class=\"wpb_column vc_column_container vc_col-sm-6\"><div class=\"vc_column-inner\"><div class=\"wpb_wrapper\">\n\t<div class=\"wpb_text_column wpb_content_element  vc_custom_1645020586420\" >\n\t\t<div class=\"wpb_wrapper\">\n\t\t\t<h5><span style=\"color: #2a7de1;\"><strong>Detaillierter Prozess<\/strong><\/span><\/h5>\n<ul>\n<li>Die Granulatmischung wird in die Schnecke des Extruders gef\u00fcllt.<\/li>\n<li>Die erhitzte Schnecke verwandelt das Material in \"Melt\".<\/li>\n<li>Die <em>\" melt \"<\/em> wird in den Extrusionskopf und dann durch eine D\u00fcse eingespritzt<\/li>\n<li>Am Ausgang der D\u00fcse wird sie durch ein Gebl\u00e4sesystem aufgeblasen und erh\u00e4lt die Form einer r\u00f6hrenf\u00f6rmigen H\u00fclle.<\/li>\n<li>Die erhaltene H\u00fclle wird dann abgek\u00fchlt und vor dem Aufwickeln in Spulen flachgelegt.<\/li>\n<\/ul>\n\n\t\t<\/div>\n\t<\/div>\n\r\n\t<div class=\"bauer-spacer clearfix\" data-desktop=\"40\" data-mobi=\"20\" data-smobi=\"20\"><\/div>\n\t<div  class=\"wpb_single_image wpb_content_element vc_align_left\">\n\t\t\n\t\t<figure class=\"wpb_wrapper vc_figure\">\n\t\t\t<div class=\"vc_single_image-wrapper   vc_box_border_grey\"><img loading=\"lazy\" decoding=\"async\" width=\"2000\" height=\"2000\" src=\"https:\/\/i0.wp.com\/www.polyex.eu\/wp-content\/uploads\/2022\/02\/Polyex-Plastique-Extrusion-France-Icono.jpg?fit=2000%2C2000&amp;ssl=1\" class=\"vc_single_image-img attachment-full\" alt=\"\" srcset=\"https:\/\/i0.wp.com\/www.polyex.eu\/wp-content\/uploads\/2022\/02\/Polyex-Plastique-Extrusion-France-Icono.jpg?w=2000&amp;ssl=1 2000w, https:\/\/i0.wp.com\/www.polyex.eu\/wp-content\/uploads\/2022\/02\/Polyex-Plastique-Extrusion-France-Icono.jpg?resize=300%2C300&amp;ssl=1 300w, https:\/\/i0.wp.com\/www.polyex.eu\/wp-content\/uploads\/2022\/02\/Polyex-Plastique-Extrusion-France-Icono.jpg?resize=1024%2C1024&amp;ssl=1 1024w, https:\/\/i0.wp.com\/www.polyex.eu\/wp-content\/uploads\/2022\/02\/Polyex-Plastique-Extrusion-France-Icono.jpg?resize=150%2C150&amp;ssl=1 150w, https:\/\/i0.wp.com\/www.polyex.eu\/wp-content\/uploads\/2022\/02\/Polyex-Plastique-Extrusion-France-Icono.jpg?resize=768%2C768&amp;ssl=1 768w, https:\/\/i0.wp.com\/www.polyex.eu\/wp-content\/uploads\/2022\/02\/Polyex-Plastique-Extrusion-France-Icono.jpg?resize=1536%2C1536&amp;ssl=1 1536w, https:\/\/i0.wp.com\/www.polyex.eu\/wp-content\/uploads\/2022\/02\/Polyex-Plastique-Extrusion-France-Icono.jpg?resize=600%2C600&amp;ssl=1 600w, https:\/\/i0.wp.com\/www.polyex.eu\/wp-content\/uploads\/2022\/02\/Polyex-Plastique-Extrusion-France-Icono.jpg?resize=870%2C870&amp;ssl=1 870w, https:\/\/i0.wp.com\/www.polyex.eu\/wp-content\/uploads\/2022\/02\/Polyex-Plastique-Extrusion-France-Icono.jpg?resize=640%2C640&amp;ssl=1 640w, https:\/\/i0.wp.com\/www.polyex.eu\/wp-content\/uploads\/2022\/02\/Polyex-Plastique-Extrusion-France-Icono.jpg?resize=480%2C480&amp;ssl=1 480w, https:\/\/i0.wp.com\/www.polyex.eu\/wp-content\/uploads\/2022\/02\/Polyex-Plastique-Extrusion-France-Icono.jpg?resize=140%2C140&amp;ssl=1 140w\" sizes=\"auto, (max-width: 1170px) 100vw, 1170px\" \/><\/div>\n\t\t<\/figure>\n\t<\/div>\n<\/div><\/div><\/div><\/div><\/div><\/div><\/div><\/div><\/div><\/div><\/div><\/section><\/div><\/section>","protected":false},"excerpt":{"rendered":"Notre m\u00e9tier : l'extrusion Le principe L\u2019extrusion est un proc\u00e9d\u00e9 m\u00e9canique en continu, consistant \u00e0 transformer la mati\u00e8re premi\u00e8re (sous forme de granul\u00e9s de poly\u00e9thyl\u00e8ne), en une bulle qui deviendra, apr\u00e8s refroidissement, une gaine. Une fois refroidie et transform\u00e9e, cette gaine servira de base \u00e0 la confection de film, de","protected":false},"author":1,"featured_media":0,"parent":0,"menu_order":0,"comment_status":"closed","ping_status":"closed","template":"","meta":{"_acf_changed":false,"_crdt_document":"","footnotes":""},"class_list":["post-9371","page","type-page","status-publish","hentry"],"acf":[],"jetpack_sharing_enabled":true,"_links":{"self":[{"href":"https:\/\/www.polyex.eu\/de\/wp-json\/wp\/v2\/pages\/9371","targetHints":{"allow":["GET"]}}],"collection":[{"href":"https:\/\/www.polyex.eu\/de\/wp-json\/wp\/v2\/pages"}],"about":[{"href":"https:\/\/www.polyex.eu\/de\/wp-json\/wp\/v2\/types\/page"}],"author":[{"embeddable":true,"href":"https:\/\/www.polyex.eu\/de\/wp-json\/wp\/v2\/users\/1"}],"replies":[{"embeddable":true,"href":"https:\/\/www.polyex.eu\/de\/wp-json\/wp\/v2\/comments?post=9371"}],"version-history":[{"count":15,"href":"https:\/\/www.polyex.eu\/de\/wp-json\/wp\/v2\/pages\/9371\/revisions"}],"predecessor-version":[{"id":11291,"href":"https:\/\/www.polyex.eu\/de\/wp-json\/wp\/v2\/pages\/9371\/revisions\/11291"}],"wp:attachment":[{"href":"https:\/\/www.polyex.eu\/de\/wp-json\/wp\/v2\/media?parent=9371"}],"curies":[{"name":"wp","href":"https:\/\/api.w.org\/{rel}","templated":true}]}}