{"id":9368,"date":"2022-02-01T15:20:26","date_gmt":"2022-02-01T14:20:26","guid":{"rendered":"https:\/\/www.polyex.eu\/?page_id=9368"},"modified":"2022-06-09T16:57:02","modified_gmt":"2022-06-09T14:57:02","slug":"entreprise","status":"publish","type":"page","link":"https:\/\/www.polyex.eu\/de\/entreprise\/","title":{"rendered":"L&rsquo;entreprise"},"content":{"rendered":"<div class=\"vc-custom-col-spacing clearfix vc-col-spacing-30\"><section class=\"wpb_row vc_row-fluid row-content-position-Default\"><div class=\"bauer-container\"><div class=\"row-inner clearfix\"><div class=\"wpb_column vc_column_container vc_col-sm-12\"><div class=\"vc_column-inner\"><div class=\"wpb_wrapper\"><\/div><\/div><\/div><\/div><\/div><\/section><\/div><div class=\"vc-custom-col-spacing clearfix vc-col-spacing-30\"><section class=\"wpb_row vc_row-fluid row-content-position-Default\"><div class=\"bauer-container\"><div class=\"row-inner clearfix\"><div class=\"wpb_column vc_column_container vc_col-sm-6\"><div class=\"vc_column-inner\"><div class=\"wpb_wrapper\">\n\t<div class=\"wpb_text_column wpb_content_element\" >\n\t\t<div class=\"wpb_wrapper\">\n\t\t\t<h1><strong>Pr\u00e4sentation<\/strong><\/h1>\n\n\t\t<\/div>\n\t<\/div>\n\r\n\t<div class=\"bauer-spacer clearfix\" data-desktop=\"20\" data-mobi=\"10\" data-smobi=\"10\"><\/div>\n\t<div class=\"wpb_text_column wpb_content_element\" >\n\t\t<div class=\"wpb_wrapper\">\n\t\t\t<h5><strong>Polyex wurde 1991 gegr\u00fcndet und ist ein Familienunternehmen mit Sitz in Lun\u00e9ville, in der N\u00e4he von Nancy. Seit jeher ist Polyex Spezialist f\u00fcr die Extrusion von Polyethylen<br \/>\n<\/strong><strong>( LDPE ), und verarbeitet es zu Folien, H\u00fcllen, Schl\u00e4uchen und Beuteln und bietet seinen Kunden Schutz- und Verpackungsl\u00f6sungen f\u00fcr zahlreiche Branchen.<\/strong><\/h5>\n\n\t\t<\/div>\n\t<\/div>\n\r\n\t<div class=\"bauer-spacer clearfix\" data-desktop=\"40\" data-mobi=\"10\" data-smobi=\"10\"><\/div>\n\t<div class=\"wpb_text_column wpb_content_element\" >\n\t\t<div class=\"wpb_wrapper\">\n\t\t\t<h5><span style=\"color: #2a7de1;\">Seit ihren Anf\u00e4ngen st\u00e4ndig weiterentwickelt,<br \/>\n<\/span><span style=\"color: #2a7de1;\">Polyex heute ist :<\/span><\/h5>\n<ul>\n<li><strong>45 hochqualifizierte Besch\u00e4ftigte<\/strong><\/li>\n<li><strong>Eine j\u00e4hrliche Kapazit\u00e4t von \u00fcber 10.000 Tonnen<\/strong><\/li>\n<li><strong>Moderne und leistungsf\u00e4hige Produktionsmittel :<\/strong><\/li>\n<\/ul>\n\n\t\t<\/div>\n\t<\/div>\n\r\n\t<div class=\"bauer-spacer clearfix\" data-desktop=\"20\" data-mobi=\"10\" data-smobi=\"10\"><\/div>\n\t<div class=\"wpb_text_column wpb_content_element\" >\n\t\t<div class=\"wpb_wrapper\">\n\t\t\t<ul>\n<li style=\"list-style-type: none;\">\n<ul>\n<li style=\"list-style-type: none;\">\n<ul>\n<li>8 Extrusionslinien<\/li>\n<li>8 Schneide-\/Schwei\u00dflinien (vorgeschnittene oder einzelne Rollen)<\/li>\n<li>7 Online-Druckgruppen<\/li>\n<\/ul>\n<\/li>\n<\/ul>\n<\/li>\n<\/ul>\n\n\t\t<\/div>\n\t<\/div>\n<\/div><\/div><\/div><div class=\"wpb_column vc_column_container vc_col-sm-6\"><div class=\"vc_column-inner\"><div class=\"wpb_wrapper\">\r\n\t<div class=\"bauer-spacer clearfix\" data-desktop=\"20\" data-mobi=\"10\" data-smobi=\"10\"><\/div>\n\t<div  class=\"wpb_single_image wpb_content_element vc_align_left\">\n\t\t\n\t\t<figure class=\"wpb_wrapper vc_figure\">\n\t\t\t<div class=\"vc_single_image-wrapper   vc_box_border_grey\"><img loading=\"lazy\" decoding=\"async\" width=\"2560\" height=\"1896\" src=\"https:\/\/i0.wp.com\/www.polyex.eu\/wp-content\/uploads\/2022\/02\/Polyex-Plastique-Extrusion-polyethylene-France16-scaled.jpg?fit=2560%2C1896&amp;ssl=1\" class=\"vc_single_image-img attachment-full\" alt=\"\" srcset=\"https:\/\/i0.wp.com\/www.polyex.eu\/wp-content\/uploads\/2022\/02\/Polyex-Plastique-Extrusion-polyethylene-France16-scaled.jpg?w=2560&amp;ssl=1 2560w, https:\/\/i0.wp.com\/www.polyex.eu\/wp-content\/uploads\/2022\/02\/Polyex-Plastique-Extrusion-polyethylene-France16-scaled.jpg?resize=300%2C222&amp;ssl=1 300w, https:\/\/i0.wp.com\/www.polyex.eu\/wp-content\/uploads\/2022\/02\/Polyex-Plastique-Extrusion-polyethylene-France16-scaled.jpg?resize=1024%2C759&amp;ssl=1 1024w, https:\/\/i0.wp.com\/www.polyex.eu\/wp-content\/uploads\/2022\/02\/Polyex-Plastique-Extrusion-polyethylene-France16-scaled.jpg?resize=768%2C569&amp;ssl=1 768w, https:\/\/i0.wp.com\/www.polyex.eu\/wp-content\/uploads\/2022\/02\/Polyex-Plastique-Extrusion-polyethylene-France16-scaled.jpg?resize=1536%2C1138&amp;ssl=1 1536w, https:\/\/i0.wp.com\/www.polyex.eu\/wp-content\/uploads\/2022\/02\/Polyex-Plastique-Extrusion-polyethylene-France16-scaled.jpg?resize=2048%2C1517&amp;ssl=1 2048w, https:\/\/i0.wp.com\/www.polyex.eu\/wp-content\/uploads\/2022\/02\/Polyex-Plastique-Extrusion-polyethylene-France16-scaled.jpg?resize=870%2C644&amp;ssl=1 870w, https:\/\/i0.wp.com\/www.polyex.eu\/wp-content\/uploads\/2022\/02\/Polyex-Plastique-Extrusion-polyethylene-France16-scaled.jpg?resize=640%2C474&amp;ssl=1 640w, https:\/\/i0.wp.com\/www.polyex.eu\/wp-content\/uploads\/2022\/02\/Polyex-Plastique-Extrusion-polyethylene-France16-scaled.jpg?resize=480%2C356&amp;ssl=1 480w, https:\/\/i0.wp.com\/www.polyex.eu\/wp-content\/uploads\/2022\/02\/Polyex-Plastique-Extrusion-polyethylene-France16-scaled.jpg?w=2340&amp;ssl=1 2340w\" sizes=\"auto, (max-width: 1170px) 100vw, 1170px\" \/><\/div>\n\t\t<\/figure>\n\t<\/div>\n\r\n\t<div class=\"bauer-spacer clearfix\" data-desktop=\"20\" data-mobi=\"10\" data-smobi=\"10\"><\/div><div class=\"bauer-content-box clearfix\" ><div class=\"vc-custom-col-inner-spacing clearfix vc-col-inner-spacing-30\"><div class=\"wpb_row vc_inner vc_row-fluid\"><div class=\"wpb_column vc_column_container vc_col-sm-6\"><div class=\"vc_column-inner\"><div class=\"wpb_wrapper\">\n\t<div  class=\"wpb_single_image wpb_content_element vc_align_left\">\n\t\t\n\t\t<figure class=\"wpb_wrapper vc_figure\">\n\t\t\t<div class=\"vc_single_image-wrapper   vc_box_border_grey\"><img loading=\"lazy\" decoding=\"async\" width=\"2560\" height=\"1896\" src=\"https:\/\/i0.wp.com\/www.polyex.eu\/wp-content\/uploads\/2022\/02\/Polyex-Plastique-Extrusion-polyethylene-France48-scaled.jpg?fit=2560%2C1896&amp;ssl=1\" class=\"vc_single_image-img attachment-full\" alt=\"\" srcset=\"https:\/\/i0.wp.com\/www.polyex.eu\/wp-content\/uploads\/2022\/02\/Polyex-Plastique-Extrusion-polyethylene-France48-scaled.jpg?w=2560&amp;ssl=1 2560w, https:\/\/i0.wp.com\/www.polyex.eu\/wp-content\/uploads\/2022\/02\/Polyex-Plastique-Extrusion-polyethylene-France48-scaled.jpg?resize=300%2C222&amp;ssl=1 300w, https:\/\/i0.wp.com\/www.polyex.eu\/wp-content\/uploads\/2022\/02\/Polyex-Plastique-Extrusion-polyethylene-France48-scaled.jpg?resize=1024%2C759&amp;ssl=1 1024w, https:\/\/i0.wp.com\/www.polyex.eu\/wp-content\/uploads\/2022\/02\/Polyex-Plastique-Extrusion-polyethylene-France48-scaled.jpg?resize=768%2C569&amp;ssl=1 768w, https:\/\/i0.wp.com\/www.polyex.eu\/wp-content\/uploads\/2022\/02\/Polyex-Plastique-Extrusion-polyethylene-France48-scaled.jpg?resize=1536%2C1138&amp;ssl=1 1536w, https:\/\/i0.wp.com\/www.polyex.eu\/wp-content\/uploads\/2022\/02\/Polyex-Plastique-Extrusion-polyethylene-France48-scaled.jpg?resize=2048%2C1517&amp;ssl=1 2048w, https:\/\/i0.wp.com\/www.polyex.eu\/wp-content\/uploads\/2022\/02\/Polyex-Plastique-Extrusion-polyethylene-France48-scaled.jpg?resize=870%2C644&amp;ssl=1 870w, https:\/\/i0.wp.com\/www.polyex.eu\/wp-content\/uploads\/2022\/02\/Polyex-Plastique-Extrusion-polyethylene-France48-scaled.jpg?resize=640%2C474&amp;ssl=1 640w, https:\/\/i0.wp.com\/www.polyex.eu\/wp-content\/uploads\/2022\/02\/Polyex-Plastique-Extrusion-polyethylene-France48-scaled.jpg?resize=480%2C356&amp;ssl=1 480w, https:\/\/i0.wp.com\/www.polyex.eu\/wp-content\/uploads\/2022\/02\/Polyex-Plastique-Extrusion-polyethylene-France48-scaled.jpg?w=2340&amp;ssl=1 2340w\" sizes=\"auto, (max-width: 1170px) 100vw, 1170px\" \/><\/div>\n\t\t<\/figure>\n\t<\/div>\n\r\n\t<div class=\"bauer-spacer clearfix\" data-desktop=\"20\" data-mobi=\"10\" data-smobi=\"10\"><\/div><\/div><\/div><\/div><div class=\"wpb_column vc_column_container vc_col-sm-6\"><div class=\"vc_column-inner\"><div class=\"wpb_wrapper\">\n\t<div  class=\"wpb_single_image wpb_content_element vc_align_left\">\n\t\t\n\t\t<figure class=\"wpb_wrapper vc_figure\">\n\t\t\t<div class=\"vc_single_image-wrapper   vc_box_border_grey\"><img loading=\"lazy\" decoding=\"async\" width=\"2560\" height=\"1896\" src=\"https:\/\/i0.wp.com\/www.polyex.eu\/wp-content\/uploads\/2022\/02\/Polyex-Plastique-Extrusion-polyethylene-France58-scaled.jpg?fit=2560%2C1896&amp;ssl=1\" class=\"vc_single_image-img attachment-full\" alt=\"\" srcset=\"https:\/\/i0.wp.com\/www.polyex.eu\/wp-content\/uploads\/2022\/02\/Polyex-Plastique-Extrusion-polyethylene-France58-scaled.jpg?w=2560&amp;ssl=1 2560w, https:\/\/i0.wp.com\/www.polyex.eu\/wp-content\/uploads\/2022\/02\/Polyex-Plastique-Extrusion-polyethylene-France58-scaled.jpg?resize=300%2C222&amp;ssl=1 300w, https:\/\/i0.wp.com\/www.polyex.eu\/wp-content\/uploads\/2022\/02\/Polyex-Plastique-Extrusion-polyethylene-France58-scaled.jpg?resize=1024%2C759&amp;ssl=1 1024w, https:\/\/i0.wp.com\/www.polyex.eu\/wp-content\/uploads\/2022\/02\/Polyex-Plastique-Extrusion-polyethylene-France58-scaled.jpg?resize=768%2C569&amp;ssl=1 768w, https:\/\/i0.wp.com\/www.polyex.eu\/wp-content\/uploads\/2022\/02\/Polyex-Plastique-Extrusion-polyethylene-France58-scaled.jpg?resize=1536%2C1138&amp;ssl=1 1536w, https:\/\/i0.wp.com\/www.polyex.eu\/wp-content\/uploads\/2022\/02\/Polyex-Plastique-Extrusion-polyethylene-France58-scaled.jpg?resize=2048%2C1517&amp;ssl=1 2048w, https:\/\/i0.wp.com\/www.polyex.eu\/wp-content\/uploads\/2022\/02\/Polyex-Plastique-Extrusion-polyethylene-France58-scaled.jpg?resize=870%2C644&amp;ssl=1 870w, https:\/\/i0.wp.com\/www.polyex.eu\/wp-content\/uploads\/2022\/02\/Polyex-Plastique-Extrusion-polyethylene-France58-scaled.jpg?resize=640%2C474&amp;ssl=1 640w, https:\/\/i0.wp.com\/www.polyex.eu\/wp-content\/uploads\/2022\/02\/Polyex-Plastique-Extrusion-polyethylene-France58-scaled.jpg?resize=480%2C356&amp;ssl=1 480w, https:\/\/i0.wp.com\/www.polyex.eu\/wp-content\/uploads\/2022\/02\/Polyex-Plastique-Extrusion-polyethylene-France58-scaled.jpg?w=2340&amp;ssl=1 2340w\" sizes=\"auto, (max-width: 1170px) 100vw, 1170px\" \/><\/div>\n\t\t<\/figure>\n\t<\/div>\n\r\n\t<div class=\"bauer-spacer clearfix\" data-desktop=\"20\" data-mobi=\"10\" data-smobi=\"10\"><\/div><\/div><\/div><\/div><\/div><\/div><\/div>\r\n\t<div class=\"bauer-spacer clearfix\" data-desktop=\"20\" data-mobi=\"10\" data-smobi=\"10\"><\/div>\n\t<div  class=\"wpb_single_image wpb_content_element vc_align_left\">\n\t\t\n\t\t<figure class=\"wpb_wrapper vc_figure\">\n\t\t\t<div class=\"vc_single_image-wrapper   vc_box_border_grey\"><img loading=\"lazy\" decoding=\"async\" width=\"2560\" height=\"1896\" src=\"https:\/\/i0.wp.com\/www.polyex.eu\/wp-content\/uploads\/2022\/02\/Polyex-Plastique-Extrusion-polyethylene-France27-scaled.jpg?fit=2560%2C1896&amp;ssl=1\" class=\"vc_single_image-img attachment-full\" alt=\"\" srcset=\"https:\/\/i0.wp.com\/www.polyex.eu\/wp-content\/uploads\/2022\/02\/Polyex-Plastique-Extrusion-polyethylene-France27-scaled.jpg?w=2560&amp;ssl=1 2560w, https:\/\/i0.wp.com\/www.polyex.eu\/wp-content\/uploads\/2022\/02\/Polyex-Plastique-Extrusion-polyethylene-France27-scaled.jpg?resize=300%2C222&amp;ssl=1 300w, https:\/\/i0.wp.com\/www.polyex.eu\/wp-content\/uploads\/2022\/02\/Polyex-Plastique-Extrusion-polyethylene-France27-scaled.jpg?resize=1024%2C759&amp;ssl=1 1024w, https:\/\/i0.wp.com\/www.polyex.eu\/wp-content\/uploads\/2022\/02\/Polyex-Plastique-Extrusion-polyethylene-France27-scaled.jpg?resize=768%2C569&amp;ssl=1 768w, https:\/\/i0.wp.com\/www.polyex.eu\/wp-content\/uploads\/2022\/02\/Polyex-Plastique-Extrusion-polyethylene-France27-scaled.jpg?resize=1536%2C1138&amp;ssl=1 1536w, https:\/\/i0.wp.com\/www.polyex.eu\/wp-content\/uploads\/2022\/02\/Polyex-Plastique-Extrusion-polyethylene-France27-scaled.jpg?resize=2048%2C1517&amp;ssl=1 2048w, https:\/\/i0.wp.com\/www.polyex.eu\/wp-content\/uploads\/2022\/02\/Polyex-Plastique-Extrusion-polyethylene-France27-scaled.jpg?resize=870%2C644&amp;ssl=1 870w, https:\/\/i0.wp.com\/www.polyex.eu\/wp-content\/uploads\/2022\/02\/Polyex-Plastique-Extrusion-polyethylene-France27-scaled.jpg?resize=640%2C474&amp;ssl=1 640w, https:\/\/i0.wp.com\/www.polyex.eu\/wp-content\/uploads\/2022\/02\/Polyex-Plastique-Extrusion-polyethylene-France27-scaled.jpg?resize=480%2C356&amp;ssl=1 480w, https:\/\/i0.wp.com\/www.polyex.eu\/wp-content\/uploads\/2022\/02\/Polyex-Plastique-Extrusion-polyethylene-France27-scaled.jpg?w=2340&amp;ssl=1 2340w\" sizes=\"auto, (max-width: 1170px) 100vw, 1170px\" \/><\/div>\n\t\t<\/figure>\n\t<\/div>\n\r\n\t<div class=\"bauer-spacer clearfix\" data-desktop=\"20\" data-mobi=\"10\" data-smobi=\"10\"><\/div>\n\t<div class=\"wpb_text_column wpb_content_element\" >\n\t\t<div class=\"wpb_wrapper\">\n\t\t\t<p class=\"moz-quote-pre\">Fotografien : <a href=\"https:\/\/shebam.design\/\">Collectif Shebam<\/a><\/p>\n\n\t\t<\/div>\n\t<\/div>\n<\/div><\/div><\/div><\/div><\/div><\/section><\/div>","protected":false},"excerpt":{"rendered":"Pr\u00e9sentation Cr\u00e9\u00e9e en 1991, Polyex est une entreprise familiale situ\u00e9e \u00e0 Lun\u00e9ville, pr\u00e8s de Nancy. Depuis toujours, Polyex est sp\u00e9cialiste de l\u2019extrusion du poly\u00e9thyl\u00e8ne ( PEBD ), et le transforme en films, housses, gaines et sacherie, apportant \u00e0 ses clients des solutions de protection et d\u2019emballage dans de nombreux secteurs","protected":false},"author":1,"featured_media":0,"parent":0,"menu_order":0,"comment_status":"closed","ping_status":"closed","template":"","meta":{"_acf_changed":false,"_crdt_document":"","footnotes":""},"class_list":["post-9368","page","type-page","status-publish","hentry"],"acf":[],"jetpack_sharing_enabled":true,"_links":{"self":[{"href":"https:\/\/www.polyex.eu\/de\/wp-json\/wp\/v2\/pages\/9368","targetHints":{"allow":["GET"]}}],"collection":[{"href":"https:\/\/www.polyex.eu\/de\/wp-json\/wp\/v2\/pages"}],"about":[{"href":"https:\/\/www.polyex.eu\/de\/wp-json\/wp\/v2\/types\/page"}],"author":[{"embeddable":true,"href":"https:\/\/www.polyex.eu\/de\/wp-json\/wp\/v2\/users\/1"}],"replies":[{"embeddable":true,"href":"https:\/\/www.polyex.eu\/de\/wp-json\/wp\/v2\/comments?post=9368"}],"version-history":[{"count":81,"href":"https:\/\/www.polyex.eu\/de\/wp-json\/wp\/v2\/pages\/9368\/revisions"}],"predecessor-version":[{"id":11288,"href":"https:\/\/www.polyex.eu\/de\/wp-json\/wp\/v2\/pages\/9368\/revisions\/11288"}],"wp:attachment":[{"href":"https:\/\/www.polyex.eu\/de\/wp-json\/wp\/v2\/media?parent=9368"}],"curies":[{"name":"wp","href":"https:\/\/api.w.org\/{rel}","templated":true}]}}