{"id":11449,"date":"2026-03-09T13:41:01","date_gmt":"2026-03-09T12:41:01","guid":{"rendered":"https:\/\/www.polyex.eu\/?page_id=11449"},"modified":"2026-03-10T10:49:13","modified_gmt":"2026-03-10T09:49:13","slug":"canditature-formulaire","status":"publish","type":"page","link":"https:\/\/www.polyex.eu\/de\/canditature-formulaire\/","title":{"rendered":"Rejoignez l&rsquo;aventure Polyex !"},"content":{"rendered":"\n<h1 class=\"wp-block-heading has-text-color has-link-color has-x-large-font-size wp-elements-7ff7fb08e5ab8569bda6ee63f60b630e\" style=\"color:#2a7ce0\"><strong>Faites-nous d\u00e9couvrir votre talent !<\/strong><\/h1>\n\n\n\n<div class=\"wp-block-group\"><div class=\"wp-block-group__inner-container is-layout-constrained wp-block-group-is-layout-constrained\">\n<div class=\"wp-block-columns is-layout-flex wp-container-core-columns-is-layout-8f761849 wp-block-columns-is-layout-flex\">\n<div class=\"wp-block-column is-layout-flow wp-block-column-is-layout-flow\" style=\"flex-basis:35%\">\n<figure class=\"wp-block-image size-large is-style-default\"><img data-recalc-dims=\"1\" loading=\"lazy\" decoding=\"async\" width=\"1024\" height=\"768\" src=\"https:\/\/i0.wp.com\/www.polyex.eu\/wp-content\/uploads\/2022\/02\/Polyex-Plastique-Extrusion-France-01.jpg?resize=1024%2C768&#038;ssl=1\" alt=\"\" class=\"wp-image-9384\" srcset=\"https:\/\/i0.wp.com\/www.polyex.eu\/wp-content\/uploads\/2022\/02\/Polyex-Plastique-Extrusion-France-01.jpg?resize=1024%2C768&amp;ssl=1 1024w, https:\/\/i0.wp.com\/www.polyex.eu\/wp-content\/uploads\/2022\/02\/Polyex-Plastique-Extrusion-France-01.jpg?resize=300%2C225&amp;ssl=1 300w, https:\/\/i0.wp.com\/www.polyex.eu\/wp-content\/uploads\/2022\/02\/Polyex-Plastique-Extrusion-France-01.jpg?resize=768%2C576&amp;ssl=1 768w, https:\/\/i0.wp.com\/www.polyex.eu\/wp-content\/uploads\/2022\/02\/Polyex-Plastique-Extrusion-France-01.jpg?resize=870%2C653&amp;ssl=1 870w, https:\/\/i0.wp.com\/www.polyex.eu\/wp-content\/uploads\/2022\/02\/Polyex-Plastique-Extrusion-France-01.jpg?resize=640%2C480&amp;ssl=1 640w, https:\/\/i0.wp.com\/www.polyex.eu\/wp-content\/uploads\/2022\/02\/Polyex-Plastique-Extrusion-France-01.jpg?resize=480%2C360&amp;ssl=1 480w, https:\/\/i0.wp.com\/www.polyex.eu\/wp-content\/uploads\/2022\/02\/Polyex-Plastique-Extrusion-France-01.jpg?w=1400&amp;ssl=1 1400w\" sizes=\"auto, (max-width: 1024px) 100vw, 1024px\" \/><\/figure>\n\n\n\n<div style=\"height:20px\" aria-hidden=\"true\" class=\"wp-block-spacer\"><\/div>\n\n\n\n<p class=\"wp-block-paragraph\"><strong>Rejoindre Polyex, c\u2019est participer \u00e0 une entreprise industrielle fran\u00e7aise \u00e0 taille humaine, o\u00f9 chaque collaborateur contribue concr\u00e8tement \u00e0 la qualit\u00e9 des produits et \u00e0 la satisfaction de nos clients.<\/strong><\/p>\n\n\n\n<p class=\"wp-block-paragraph\">Depuis plus de 30 ans, nous d\u00e9veloppons notre savoir-faire gr\u00e2ce \u00e0 l\u2019engagement des femmes et des hommes qui composent nos \u00e9quipes. Que vous soyez exp\u00e9riment\u00e9(e) ou en d\u00e9but de parcours, nous recherchons avant tout des personnes motiv\u00e9es, curieuses et pr\u00eates \u00e0 s\u2019impliquer dans un projet collectif.<\/p>\n\n\n\n<p class=\"has-medium-font-size wp-block-paragraph\"><strong>Pourquoi rejoindre Polyex ?<\/strong><\/p>\n\n\n\n<ul class=\"wp-block-list\">\n<li style=\"font-size:14px\">Des perspectives d\u2019\u00e9volution selon votre implication<\/li>\n\n\n\n<li style=\"font-size:14px\">Une entreprise industrielle fran\u00e7aise solide et reconnue<\/li>\n\n\n\n<li style=\"font-size:14px\">Une \u00e9quipe accessible et un environnement de travail humain<\/li>\n\n\n\n<li style=\"font-size:14px\">Des missions concr\u00e8tes au c\u0153ur de la production<\/li>\n<\/ul>\n<\/div>\n\n\n\n<div class=\"wp-block-column is-layout-flow wp-block-column-is-layout-flow\">\n<p class=\"has-medium-font-size wp-block-paragraph\">Merci de compl\u00e9ter le formulaire ci-dessous afin de nous transmettre votre candidature et mieux comprendre votre profil et vos motivations :<\/p>\n\n\n\n<div class=\"wpcf7 no-js\" id=\"wpcf7-f11479-o1\" lang=\"fr-FR\" dir=\"ltr\" data-wpcf7-id=\"11479\">\n<div class=\"screen-reader-response\"><p role=\"status\" aria-live=\"polite\" aria-atomic=\"true\"><\/p> <ul><\/ul><\/div>\n<form action=\"\/de\/wp-json\/wp\/v2\/pages\/11449#wpcf7-f11479-o1\" method=\"post\" class=\"wpcf7-form init\" aria-label=\"Formulaire de contact\" enctype=\"multipart\/form-data\" novalidate=\"novalidate\" data-status=\"init\">\n<fieldset class=\"hidden-fields-container\"><input type=\"hidden\" name=\"_wpcf7\" value=\"11479\" \/><input type=\"hidden\" name=\"_wpcf7_version\" value=\"6.1.5\" \/><input type=\"hidden\" name=\"_wpcf7_locale\" value=\"fr_FR\" \/><input type=\"hidden\" name=\"_wpcf7_unit_tag\" value=\"wpcf7-f11479-o1\" \/><input type=\"hidden\" name=\"_wpcf7_container_post\" value=\"0\" \/><input type=\"hidden\" name=\"_wpcf7_posted_data_hash\" value=\"\" \/>\n<\/fieldset>\n<p><label> Civilit\u00e9 *<br \/>\n<span class=\"wpcf7-form-control-wrap\" data-name=\"civility\"><select class=\"wpcf7-form-control wpcf7-select wpcf7-validates-as-required\" aria-required=\"true\" aria-invalid=\"false\" name=\"civility\"><option value=\"Madame\">Madame<\/option><option value=\"Monsieur\">Monsieur<\/option><\/select><\/span><br \/>\n<\/label>\n<\/p>\n<p><label> Pr\u00e9nom *<br \/>\n<span class=\"wpcf7-form-control-wrap\" data-name=\"first-name\"><input size=\"40\" maxlength=\"400\" class=\"wpcf7-form-control wpcf7-text wpcf7-validates-as-required\" aria-required=\"true\" aria-invalid=\"false\" placeholder=\"Votre pr\u00e9nom\" value=\"\" type=\"text\" name=\"first-name\" \/><\/span><br \/>\n<\/label>\n<\/p>\n<p><label> Nom *<br \/>\n<span class=\"wpcf7-form-control-wrap\" data-name=\"last-name\"><input size=\"40\" maxlength=\"400\" class=\"wpcf7-form-control wpcf7-text wpcf7-validates-as-required\" aria-required=\"true\" aria-invalid=\"false\" placeholder=\"Votre nom\" value=\"\" type=\"text\" name=\"last-name\" \/><\/span><br \/>\n<\/label>\n<\/p>\n<p><label> Email *<br \/>\n<span class=\"wpcf7-form-control-wrap\" data-name=\"your-email\"><input size=\"40\" maxlength=\"400\" class=\"wpcf7-form-control wpcf7-email wpcf7-validates-as-required wpcf7-text wpcf7-validates-as-email\" aria-required=\"true\" aria-invalid=\"false\" placeholder=\"Votre adresse email\" value=\"\" type=\"email\" name=\"your-email\" \/><\/span><br \/>\n<\/label>\n<\/p>\n<p><label> T\u00e9l\u00e9phone *<br \/>\n<span class=\"wpcf7-form-control-wrap\" data-name=\"your-phone\"><input size=\"40\" maxlength=\"400\" class=\"wpcf7-form-control wpcf7-tel wpcf7-validates-as-required wpcf7-text wpcf7-validates-as-tel\" aria-required=\"true\" aria-invalid=\"false\" placeholder=\"Votre t\u00e9l\u00e9phone\" value=\"\" type=\"tel\" name=\"your-phone\" \/><\/span><br \/>\n<\/label>\n<\/p>\n<p><label> Vous postulez pour *<br \/>\n<span class=\"wpcf7-form-control-wrap\" data-name=\"application-type\"><select class=\"wpcf7-form-control wpcf7-select wpcf7-validates-as-required\" aria-required=\"true\" aria-invalid=\"false\" name=\"application-type\"><option value=\"Offre d\u2019emploi \u2013 merci d\u2019indiquer laquelle ci\u2011dessous\">Offre d\u2019emploi \u2013 merci d\u2019indiquer laquelle ci\u2011dessous<\/option><option value=\"Candidature spontan\u00e9e\">Candidature spontan\u00e9e<\/option><\/select><\/span><br \/>\n<\/label>\n<\/p>\n<p><label> Intitul\u00e9 de l\u2019offre (si applicable)<br \/>\n<span class=\"wpcf7-form-control-wrap\" data-name=\"job-title\"><input size=\"40\" maxlength=\"400\" class=\"wpcf7-form-control wpcf7-text\" aria-invalid=\"false\" placeholder=\"Pr\u00e9cisez l\u2019intitul\u00e9 de l\u2019offre\" value=\"\" type=\"text\" name=\"job-title\" \/><\/span><br \/>\n<\/label>\n<\/p>\n<p><label> Votre CV (PDF, DOC, DOCX) *<br \/>\n<span class=\"wpcf7-form-control-wrap\" data-name=\"cv\"><input size=\"40\" class=\"wpcf7-form-control wpcf7-file wpcf7-validates-as-required\" accept=\".pdf,.doc,.docx\" aria-required=\"true\" aria-invalid=\"false\" type=\"file\" name=\"cv\" \/><\/span><br \/>\n<\/label>\n<\/p>\n<p><label> Lettre de motivation (facultatif)<br \/>\n<span class=\"wpcf7-form-control-wrap\" data-name=\"motivation-letter\"><input size=\"40\" class=\"wpcf7-form-control wpcf7-file\" accept=\".pdf,.doc,.docx\" aria-invalid=\"false\" type=\"file\" name=\"motivation-letter\" \/><\/span><br \/>\n<\/label>\n<\/p>\n<p><label> Message compl\u00e9mentaire (facultatif)<br \/>\n<span class=\"wpcf7-form-control-wrap\" data-name=\"your-message\"><textarea cols=\"40\" rows=\"10\" maxlength=\"2000\" class=\"wpcf7-form-control wpcf7-textarea\" aria-invalid=\"false\" placeholder=\"Si vous souhaitez ajouter une note\" name=\"your-message\"><\/textarea><\/span><br \/>\n<\/label>\n<\/p>\n<p><span class=\"wpcf7-form-control-wrap\" data-name=\"consent\"><span class=\"wpcf7-form-control wpcf7-acceptance\"><span class=\"wpcf7-list-item\"><label><input type=\"checkbox\" name=\"consent\" value=\"1\" aria-invalid=\"false\" \/><span class=\"wpcf7-list-item-label\">En soumettant ce formulaire, j\u2019accepte que mes donn\u00e9es soient utilis\u00e9es pour le traitement de ma candidature conform\u00e9ment \u00e0 la politique de confidentialit\u00e9.<\/span><\/label><\/span><\/span><\/span>\n<\/p>\n<p><input class=\"wpcf7-form-control wpcf7-submit has-spinner\" type=\"submit\" value=\"Envoyer ma candidature\" \/>\n<\/p><p style=\"display: none !important;\" class=\"akismet-fields-container\" data-prefix=\"_wpcf7_ak_\"><label>&#916;<textarea name=\"_wpcf7_ak_hp_textarea\" cols=\"45\" rows=\"8\" maxlength=\"100\"><\/textarea><\/label><input type=\"hidden\" id=\"ak_js_1\" name=\"_wpcf7_ak_js\" value=\"188\"\/><script type=\"text\/javascript\">\n\/* <![CDATA[ *\/\ndocument.getElementById( \"ak_js_1\" ).setAttribute( \"value\", ( new Date() ).getTime() );\n\/* ]]> *\/\n<\/script>\n<\/p><div class=\"wpcf7-response-output\" aria-hidden=\"true\"><\/div>\n<\/form>\n<\/div>\n\n\n\n\n<div style=\"height:20px\" aria-hidden=\"true\" class=\"wp-block-spacer\"><\/div>\n\n\n\n<p class=\"wp-block-paragraph\" style=\"font-size:14px\"><strong>Et apr\u00e8s votre candidature ?<\/strong><\/p>\n\n\n\n<p class=\"wp-block-paragraph\" style=\"font-size:14px\">\u2714 Analyse de votre profil par notre \u00e9quipe<br>\u2714 Prise de contact rapide si votre candidature correspond \u00e0 nos besoins<br>\u2714 Entretien pour \u00e9changer sur votre parcours et vos motivations<\/p>\n\n\n\n<p class=\"wp-block-paragraph\" style=\"font-size:14px\">Nous r\u00e9pondons \u00e0 chaque candidature avec attention.<\/p>\n<\/div>\n<\/div>\n<\/div><\/div>\n","protected":false},"excerpt":{"rendered":"<p>Faites-nous d\u00e9couvrir votre talent ! Rejoindre Polyex, c\u2019est participer \u00e0 une entreprise industrielle fran\u00e7aise \u00e0 taille humaine, o\u00f9 chaque collaborateur contribue concr\u00e8tement \u00e0 la qualit\u00e9 des produits et \u00e0 la satisfaction de nos clients. Depuis plus de 30 ans, nous d\u00e9veloppons notre savoir-faire gr\u00e2ce \u00e0 l\u2019engagement des femmes et des<\/p>","protected":false},"author":1,"featured_media":0,"parent":0,"menu_order":0,"comment_status":"closed","ping_status":"closed","template":"","meta":{"_acf_changed":false,"_crdt_document":"","footnotes":""},"class_list":["post-11449","page","type-page","status-publish","hentry"],"acf":[],"jetpack_sharing_enabled":true,"_links":{"self":[{"href":"https:\/\/www.polyex.eu\/de\/wp-json\/wp\/v2\/pages\/11449","targetHints":{"allow":["GET"]}}],"collection":[{"href":"https:\/\/www.polyex.eu\/de\/wp-json\/wp\/v2\/pages"}],"about":[{"href":"https:\/\/www.polyex.eu\/de\/wp-json\/wp\/v2\/types\/page"}],"author":[{"embeddable":true,"href":"https:\/\/www.polyex.eu\/de\/wp-json\/wp\/v2\/users\/1"}],"replies":[{"embeddable":true,"href":"https:\/\/www.polyex.eu\/de\/wp-json\/wp\/v2\/comments?post=11449"}],"version-history":[{"count":62,"href":"https:\/\/www.polyex.eu\/de\/wp-json\/wp\/v2\/pages\/11449\/revisions"}],"predecessor-version":[{"id":11576,"href":"https:\/\/www.polyex.eu\/de\/wp-json\/wp\/v2\/pages\/11449\/revisions\/11576"}],"wp:attachment":[{"href":"https:\/\/www.polyex.eu\/de\/wp-json\/wp\/v2\/media?parent=11449"}],"curies":[{"name":"wp","href":"https:\/\/api.w.org\/{rel}","templated":true}]}}